{"id":9332,"date":"2023-10-11T15:02:54","date_gmt":"2023-10-11T20:02:54","guid":{"rendered":"https:\/\/accefyn.com\/microsites\/nodos\/astroco\/?page_id=9332"},"modified":"2025-08-19T16:23:43","modified_gmt":"2025-08-19T21:23:43","slug":"colombia-espacial-2023","status":"publish","type":"page","link":"https:\/\/accefyn.com\/microsites\/nodos\/astroco\/colombia-espacial-2023\/","title":{"rendered":"Colombia Espacial 2023"},"content":{"rendered":"\t\t<div data-elementor-type=\"wp-page\" data-elementor-id=\"9332\" class=\"elementor elementor-9332\">\n\t\t\t\t\t\t<section class=\"elementor-section elementor-top-section elementor-element elementor-element-4a71026 elementor-section-boxed elementor-section-height-default elementor-section-height-default\" data-id=\"4a71026\" data-element_type=\"section\" data-e-type=\"section\">\n\t\t\t\t\t\t<div class=\"elementor-container elementor-column-gap-default\">\n\t\t\t\t\t<div class=\"elementor-column elementor-col-100 elementor-top-column elementor-element elementor-element-1b5b859\" data-id=\"1b5b859\" data-element_type=\"column\" data-e-type=\"column\">\n\t\t\t<div class=\"elementor-widget-wrap elementor-element-populated\">\n\t\t\t\t\t\t<div class=\"elementor-element elementor-element-56a258 elementor-widget elementor-widget-text-editor\" data-id=\"56a258\" data-element_type=\"widget\" data-e-type=\"widget\" data-widget_type=\"text-editor.default\">\n\t\t\t\t<div class=\"elementor-widget-container\">\n\t\t\t\t\t\t\t\t\t<p><\/p>\n<h2>Programa<\/h2>\n<p><\/p>\n<h3 class=\"wp-block-heading\">D\u00eda 1 &#8211; 13 de Diciembre 9:00 &#8211; 17:30 (UTC-5): Logros Tecnol\u00f3gicos Nacionales<\/h3>\n<p><\/p>\n<p>8:30 Apertura auditorio<\/p>\n<p><\/p>\n<p>9:00 <a href=\"https:\/\/www.youtube.com\/live\/XOgAkRUeuQ4?si=SYBeJgyBOX5BBVMB&amp;t=2051\"><strong>Apertura del evento<\/strong><\/a> &#8211; Observatorio Astron\u00f3mico Nacional de Colombia &#8211; Universidad de los Llanos &#8211; Enciso Systems<\/p>\n<p><\/p>\n<p>9:45 <a href=\"https:\/\/www.youtube.com\/live\/XOgAkRUeuQ4?si=3uF1Mh3_AqfAjhch&amp;t=2527\"><strong>Interplanetary missions using close approaches<\/strong><\/a> &#8211; <a href=\"https:\/\/bv.fapesp.br\/en\/pesquisador\/2239\/antonio-fernando-bertachini-de-almeida-prado\/\">Prof. Antonio Bertachini de Almeida Prado<\/a> &#8211; <a href=\"https:\/\/www.gov.br\/inpe\/pt-br\">INPE<\/a> (En l\u00ednea)<\/p>\n<p><\/p>\n<p>10:30 Receso<\/p>\n<p><\/p>\n<p>10:45 <a href=\"https:\/\/www.youtube.com\/live\/XOgAkRUeuQ4?si=c6H1p4vJ5oCg5KIT&amp;t=6470\"><strong>Componente Espacial en el Plan Nacional de Ciencia, Tecnolog\u00eda e Innovaci\u00f3n<\/strong><\/a> &#8211; Andrea del Pilar S\u00e1nchez Chavez &#8211; <a href=\"https:\/\/minciencias.gov.co\/\">Minciencias<\/a> (En l\u00ednea)<\/p>\n<p><\/p>\n<p>11:30 <a href=\"https:\/\/www.youtube.com\/live\/XOgAkRUeuQ4?si=dsYUdvDhZWDQ71Rb&amp;t=8360\"><strong>Avances 2030 Objetivo Crater Garavito<\/strong><\/a> &#8211; <a href=\"https:\/\/www.linkedin.com\/in\/mario-armando-higuera-garz%C3%B3n-29004413\/\">Prof. Mario Armando Higuera Garz\u00f3n<\/a> &#8211; <a href=\"https:\/\/ciencias.bogota.unal.edu.co\/departamentos\/observatorio\/inicio\">OAN<\/a>\/C-CALDAS<\/p>\n<p><\/p>\n<p>Almuerzo libre<\/p>\n<p><\/p>\n<p>14:00 <a href=\"https:\/\/www.youtube.com\/live\/XOgAkRUeuQ4?si=H_hFfdOt3evFho0x&amp;t=17023\"><strong>Desarrollo de un Ecosistema Espacial en Latinoam\u00e9rica: Desaf\u00edos y Oportunidades<\/strong><\/a> &#8211; <a href=\"https:\/\/www.linkedin.com\/in\/matias-campos-asl\/\">M.Eng. Matias Campos<\/a> &#8211; <a href=\"https:\/\/www.astralintu.com\/\">Astralintu Space Technologies<\/a> (En l\u00ednea)<\/p>\n<p><\/p>\n<p>14:45 <a href=\"https:\/\/www.youtube.com\/live\/XOgAkRUeuQ4?si=9-asaN7Dg-Bx_Ff0&amp;t=20135\"><strong>Posicionamiento GPS\/GNSS en tiempo real y experiencias con metodolog\u00edas participativas para recolecci\u00f3n de informaci\u00f3n geoespacial<\/strong><\/a> &#8211; <a href=\"https:\/\/www.linkedin.com\/in\/edisuarezt\/\">Prof. Edilberto Suarez<\/a> &#8211; <a href=\"https:\/\/www.udistrital.edu.co\/\">Universidad Distrital Francisco Jos\u00e9 de Caldas<\/a><\/p>\n<p><\/p>\n<p>15:30 Receso<\/p>\n<p><\/p>\n<p>15:45 <a href=\"https:\/\/www.youtube.com\/live\/XOgAkRUeuQ4?si=cVXI7VNYFp9aMhEo&amp;t=23973\"><strong>Capacidades y desaf\u00edos de la medicina aeroespacial en Colombia<\/strong><\/a> &#8211; <a href=\"https:\/\/www.linkedin.com\/in\/alexandra-mejia-delgado-b6545654\/\">Dra Alexandra Mejia Delgado<\/a> &#8211; <a href=\"https:\/\/unal.edu.co\/\">Universidad Nacional de Colombia<\/a> (En l\u00ednea)<\/p>\n<p><\/p>\n<p>16:30 <a href=\"https:\/\/www.youtube.com\/live\/XOgAkRUeuQ4?si=IzbzMdXIA8V6F4PV&amp;t=26785\"><strong>Dise\u00f1o, construcci\u00f3n y evaluaci\u00f3n de modelos an\u00e1logos derivados del an\u00e1lisis de superficies planetarias<\/strong><\/a> &#8211; Laura Daniela Romero D\u00edaz &#8211; Fundaci\u00f3n Cydonia (En l\u00ednea)<\/p>\n<p><\/p>\n<p>17:15 Cierre d\u00eda 1<\/p>\n<p><\/p>\n<h3 class=\"wp-block-heading\">D\u00eda 2 &#8211; 14 de Diciembre 9:00 &#8211; 15:15 (UTC-5): Foros de Desarrollo de Proyectos Aeroespaciales en Colombia<\/h3>\n<p><\/p>\n<p>8:30\u00a0<a href=\"https:\/\/www.youtube.com\/live\/1IFnSWsw208?si=RLyjYASs_GN9emdH&amp;t=93\"><b>Pol\u00edtica y Derecho del Sector Espacial Colombiano<\/b><\/a><span style=\"font-size: inherit;\">\u00a0&#8211; Abog. Nicol\u00e1s Cort\u00e9s<\/span><span style=\"font-size: inherit;\">\u00a0<\/span><\/p>\n<p>9:00 <a href=\"https:\/\/www.youtube.com\/live\/1IFnSWsw208?si=I0WwKihomUApJQnp&amp;t=2068\"><strong>\u00bfCu\u00e1nto Vale Nuestro Pais? Observaci\u00f3n de la tierra y Machine Learning para cuantificar el Capital Natural de Colombia<\/strong><\/a> &#8211; <a href=\"https:\/\/www.linkedin.com\/in\/mafegonzalez\/\">Ph.D. Maria Fernanda Gonz\u00e1lez<\/a> &#8211; <a href=\"https:\/\/www.planetai.space\/\">Planetai Space<\/a> (En l\u00ednea)<\/p>\n<p><\/p>\n<p>9:45 <a href=\"https:\/\/www.youtube.com\/live\/1IFnSWsw208?si=hsd4oOoF6DVtCTgX&amp;t=4254\"><strong>Lunar Simulation in Unreal Engine 5<\/strong><\/a> &#8211; <a href=\"https:\/\/www.linkedin.com\/in\/elliottwobler\/\">Elliott Wobler<\/a> &#8211; <a href=\"https:\/\/www.ed.ac.uk\/\">Universidad de Edimburgo<\/a> (En l\u00ednea)<\/p>\n<p><\/p>\n<p>10:30 Receso<\/p>\n<p><\/p>\n<p>10:45 <a href=\"https:\/\/www.youtube.com\/live\/1IFnSWsw208?si=jzWUTZq26_3Gr4TD&amp;t=7951\"><strong>Odyssey Competition<\/strong><\/a> &#8211; <a href=\"https:\/\/www.linkedin.com\/in\/alejandro-serna-m\/\">Alejandro Serna<\/a>\/<a href=\"https:\/\/www.linkedin.com\/in\/jesus-mario-vargas-plaza-6934b5236\/\">Mario Vargas<\/a> &#8211; <a href=\"https:\/\/www.icra.com.co\/\">ICRA<\/a>\/<a href=\"https:\/\/orioncamp.com\/\">Campamento Interestelar Orion<\/a> (En l\u00ednea)<\/p>\n<p><\/p>\n<p>11:30 <a href=\"https:\/\/www.youtube.com\/live\/1IFnSWsw208?si=desBGPJVtbtA0xOf&amp;t=10106\"><strong>Experiencias de la Universidad de los Llanos en asuntos Aeroespaciales<\/strong><\/a> &#8211; Prof. Andr\u00e9s Jimenez &#8211; <a href=\"https:\/\/unillanos.edu.co\">Universidad de los Llanos<\/a><\/p>\n<p><\/p>\n<p>Almuerzo libre<\/p>\n<p><\/p>\n<p>14:00 <a href=\"https:\/\/www.youtube.com\/live\/1IFnSWsw208?si=YVtFKBSwxoDMvZKs&amp;t=19598\"><strong>Foro: Desarrollo de Proyectos Aeroespaciales en Colombia<\/strong><\/a> &#8211; <a href=\"https:\/\/www.linkedin.com\/in\/sonia-ruth-rincon-urbina-88167695\/\">TC Sonia Rinc\u00f3n<\/a> (FAC), <a href=\"https:\/\/www.linkedin.com\/in\/ivan-luna-3a988428\/\">Ing. Ivan Luna<\/a> (Presidencia de la Rep\u00fablica de Colombia). <a href=\"https:\/\/www.linkedin.com\/in\/mafegonzalez\/\">Ph.D. Maria Fernanda Gonz\u00e1lez<\/a> (<a href=\"https:\/\/www.planetai.space\/\">Planetai Space<\/a>). <a href=\"https:\/\/www.linkedin.com\/in\/encisoj\/\">M.Sc. Javier Enciso<\/a> (<a href=\"https:\/\/encisosystems.com\">Enciso Systems<\/a>). Modera <a href=\"https:\/\/www.linkedin.com\/in\/santiago-vargas-7a86238a\/\">Prof. Santiago Vargas<\/a><\/p>\n<p><\/p>\n<p>15:30 Cierre d\u00eda 2<\/p>\n<h2>D\u00eda 1<\/h2>\n<p><div class=\"ast-oembed-container \" style=\"height: 100%;\"><iframe title=\"Colombia Espacial 2023 | D\u00eda 1\" width=\"500\" height=\"281\" src=\"https:\/\/www.youtube.com\/embed\/XOgAkRUeuQ4?feature=oembed\" frameborder=\"0\" allow=\"accelerometer; autoplay; clipboard-write; encrypted-media; gyroscope; picture-in-picture; web-share\" referrerpolicy=\"strict-origin-when-cross-origin\" allowfullscreen><\/iframe><\/div><\/p>\n<p><\/p>\n<figure>\n<div><\/div>\n<\/figure>\n<p><\/p>\n<h2>D\u00eda 2<\/h2>\n<p><div class=\"ast-oembed-container \" style=\"height: 100%;\"><iframe title=\"Colombia Espacial 2023 | D\u00eda 2\" width=\"500\" height=\"281\" src=\"https:\/\/www.youtube.com\/embed\/1IFnSWsw208?feature=oembed\" frameborder=\"0\" allow=\"accelerometer; autoplay; clipboard-write; encrypted-media; gyroscope; picture-in-picture; web-share\" referrerpolicy=\"strict-origin-when-cross-origin\" allowfullscreen><\/iframe><\/div><\/p>\n<p><!-- \/wp:paragraph --><!-- wp:embed {\"url\":\"https:\/\/www.youtube.com\/watch?v=vkB2Z36KuxY\",\"type\":\"video\",\"providerNameSlug\":\"youtube\",\"responsive\":true,\"className\":\"wp-embed-aspect-16-9 wp-has-aspect-ratio\"} --><\/p>\n<figure>\n<div><\/div>\n<\/figure>\n<p><!-- \/wp:embed --><!-- wp:paragraph --><\/p>\n<p>Expertos, profesionales y entusiastas del \u00e1mbito presentan las \u00faltimas tendencias, desarrollos y oportunidades en el campo de la exploraci\u00f3n espacial nacional.<a href=\"#register\"><\/a><\/p>\n<h2>Afiche<\/h2>\n<p><!-- \/wp:paragraph --><!-- wp:html --><\/p>\n<p><!-- \/wp:html --><!-- wp:image {\"id\":9592,\"sizeSlug\":\"large\",\"linkDestination\":\"media\",\"className\":\"is-style-default\"} --><\/p>\n<figure><a href=\"https:\/\/accefyn.com\/microsites\/nodos\/astroco\/wp-content\/uploads\/2023\/12\/Poster-Colombia-Espacial-2023.png\"><img decoding=\"async\" src=\"https:\/\/accefyn.com\/microsites\/nodos\/astroco\/wp-content\/uploads\/2023\/12\/Poster-Colombia-Espacial-2023-724x1024.png\" alt=\"\" \/><\/a><\/figure>\n<p><!-- \/wp:image --><!-- wp:pullquote --><\/p>\n<figure>\n<blockquote>\n<p>La exploraci\u00f3n del espacio no solo es un destino cient\u00edfico sino un imperativo moral para la humanidad<\/p>\n<p><cite>Neil deGrasse Tyson<\/cite><\/p>\n<\/blockquote>\n<\/figure>\n<p><!-- \/wp:pullquote --><!-- wp:paragraph --><\/p>\n<p>El evento <strong>Colombia Espacial 2023<\/strong> es un punto de encuentro que re\u00fane a representantes de la academia, la industria, el gobierno y la sociedad civil en torno a los avances significativos en materia espacial a nivel nacional. Este encuentro se erige como una plataforma din\u00e1mica para el intercambio de conocimientos, experiencias y proyectos relacionados con el campo espacial en Colombia. Aqu\u00ed, expertos, investigadores y l\u00edderes en la industria espacial comparten sus desarrollos m\u00e1s recientes, promoviendo as\u00ed la colaboraci\u00f3n y la sinergia entre los diferentes actores del ecosistema espacial del pa\u00eds. Este evento no solo fomenta la innovaci\u00f3n y el crecimiento en el \u00e1mbito espacial, sino que tambi\u00e9n fortalece la posici\u00f3n de Colombia en el contexto internacional, consolidando su participaci\u00f3n activa en la exploraci\u00f3n y el aprovechamiento del espacio.<\/p>\n<p><!-- \/wp:paragraph --><!-- wp:paragraph --><\/p>\n<p>La din\u00e1mica de <strong>Colombia Espacial 2023<\/strong> abarca una amplia gama de temas, desde la investigaci\u00f3n cient\u00edfica hasta las aplicaciones tecnol\u00f3gicas y comerciales del espacio. Se presentan conferencias magistrales, paneles de discusi\u00f3n y exposiciones que abordan desde la tecnolog\u00eda satelital y la observaci\u00f3n de la Tierra hasta la participaci\u00f3n de Colombia en misiones espaciales internacionales. Este evento se convierte as\u00ed en un catalizador para el crecimiento de la industria espacial en el pa\u00eds, impulsando el desarrollo de tecnolog\u00edas de vanguardia y el fomento de la educaci\u00f3n y la formaci\u00f3n en este campo.<\/p>\n<p><!-- \/wp:paragraph --><!-- wp:heading --><\/p>\n<h2>Fecha<\/h2>\n<p><!-- \/wp:heading --><!-- wp:paragraph --><\/p>\n<p>13 y 14 de Diciembre de 2023<\/p>\n<p><!-- \/wp:paragraph --><!-- wp:heading --><\/p>\n<h2>Lugar<\/h2>\n<p><!-- \/wp:heading --><!-- wp:paragraph --><\/p>\n<p><a href=\"https:\/\/maps.app.goo.gl\/PxpZwDjwGQ8mSy9h7\">Auditorio Gobernaci\u00f3n del Meta<\/a>, Villavicencio, Meta<\/p>\n<p><!-- \/wp:paragraph --><!-- wp:image {\"id\":9341,\"sizeSlug\":\"large\",\"linkDestination\":\"none\"} --><\/p>\n<figure><a href=\"https:\/\/maps.app.goo.gl\/PxpZwDjwGQ8mSy9h7\"><img decoding=\"async\" src=\"https:\/\/accefyn.com\/microsites\/nodos\/astroco\/wp-content\/uploads\/2023\/10\/Captura-de-pantalla-2023-10-11-a-las-4.05.43-p.m..png\" alt=\"\" \/><\/a><\/figure>\n<p><!-- \/wp:image --><!-- wp:heading --><\/p>\n<p><!-- \/wp:paragraph --><!-- wp:heading --><\/p>\n<p><!-- \/wp:html --><!-- wp:heading --><\/p>\n<h2>Contacto<\/h2>\n<p><!-- \/wp:heading --><!-- wp:paragraph --><\/p>\n<p>Para m\u00e1s informaci\u00f3n, cont\u00e1ctanos a info@encisosystems.com<\/p>\n<p><!-- \/wp:paragraph --><\/p>\t\t\t\t\t\t\t\t<\/div>\n\t\t\t\t<\/div>\n\t\t\t\t\t<\/div>\n\t\t<\/div>\n\t\t\t\t\t<\/div>\n\t\t<\/section>\n\t\t\t\t<\/div>\n\t\t","protected":false},"excerpt":{"rendered":"<p>Programa D\u00eda 1 &#8211; 13 de Diciembre 9:00 &#8211; 17:30 (UTC-5): Logros Tecnol\u00f3gicos Nacionales 8:30 Apertura auditorio 9:00 Apertura del [&hellip;]<\/p>\n","protected":false},"author":1,"featured_media":0,"parent":0,"menu_order":0,"comment_status":"closed","ping_status":"closed","template":"","meta":{"site-sidebar-layout":"default","site-content-layout":"","ast-site-content-layout":"default","site-content-style":"default","site-sidebar-style":"default","ast-global-header-display":"","ast-banner-title-visibility":"","ast-main-header-display":"","ast-hfb-above-header-display":"","ast-hfb-below-header-display":"","ast-hfb-mobile-header-display":"","site-post-title":"","ast-breadcrumbs-content":"","ast-featured-img":"","footer-sml-layout":"","theme-transparent-header-meta":"","adv-header-id-meta":"","stick-header-meta":"","header-above-stick-meta":"","header-main-stick-meta":"","header-below-stick-meta":"","astra-migrate-meta-layouts":"default","ast-page-background-enabled":"default","ast-page-background-meta":{"desktop":{"background-color":"var(--ast-global-color-5)","background-image":"","background-repeat":"repeat","background-position":"center center","background-size":"auto","background-attachment":"scroll","background-type":"","background-media":"","overlay-type":"","overlay-color":"","overlay-opacity":"","overlay-gradient":""},"tablet":{"background-color":"","background-image":"","background-repeat":"repeat","background-position":"center center","background-size":"auto","background-attachment":"scroll","background-type":"","background-media":"","overlay-type":"","overlay-color":"","overlay-opacity":"","overlay-gradient":""},"mobile":{"background-color":"","background-image":"","background-repeat":"repeat","background-position":"center center","background-size":"auto","background-attachment":"scroll","background-type":"","background-media":"","overlay-type":"","overlay-color":"","overlay-opacity":"","overlay-gradient":""}},"ast-content-background-meta":{"desktop":{"background-color":"var(--ast-global-color-4)","background-image":"","background-repeat":"repeat","background-position":"center center","background-size":"auto","background-attachment":"scroll","background-type":"","background-media":"","overlay-type":"","overlay-color":"","overlay-opacity":"","overlay-gradient":""},"tablet":{"background-color":"var(--ast-global-color-4)","background-image":"","background-repeat":"repeat","background-position":"center center","background-size":"auto","background-attachment":"scroll","background-type":"","background-media":"","overlay-type":"","overlay-color":"","overlay-opacity":"","overlay-gradient":""},"mobile":{"background-color":"var(--ast-global-color-4)","background-image":"","background-repeat":"repeat","background-position":"center center","background-size":"auto","background-attachment":"scroll","background-type":"","background-media":"","overlay-type":"","overlay-color":"","overlay-opacity":"","overlay-gradient":""}},"footnotes":""},"class_list":["post-9332","page","type-page","status-publish","hentry"],"_links":{"self":[{"href":"https:\/\/accefyn.com\/microsites\/nodos\/astroco\/wp-json\/wp\/v2\/pages\/9332","targetHints":{"allow":["GET"]}}],"collection":[{"href":"https:\/\/accefyn.com\/microsites\/nodos\/astroco\/wp-json\/wp\/v2\/pages"}],"about":[{"href":"https:\/\/accefyn.com\/microsites\/nodos\/astroco\/wp-json\/wp\/v2\/types\/page"}],"author":[{"embeddable":true,"href":"https:\/\/accefyn.com\/microsites\/nodos\/astroco\/wp-json\/wp\/v2\/users\/1"}],"replies":[{"embeddable":true,"href":"https:\/\/accefyn.com\/microsites\/nodos\/astroco\/wp-json\/wp\/v2\/comments?post=9332"}],"version-history":[{"count":133,"href":"https:\/\/accefyn.com\/microsites\/nodos\/astroco\/wp-json\/wp\/v2\/pages\/9332\/revisions"}],"predecessor-version":[{"id":11853,"href":"https:\/\/accefyn.com\/microsites\/nodos\/astroco\/wp-json\/wp\/v2\/pages\/9332\/revisions\/11853"}],"wp:attachment":[{"href":"https:\/\/accefyn.com\/microsites\/nodos\/astroco\/wp-json\/wp\/v2\/media?parent=9332"}],"curies":[{"name":"wp","href":"https:\/\/api.w.org\/{rel}","templated":true}]}}