{"id":11500,"date":"2025-04-29T20:33:16","date_gmt":"2025-04-30T01:33:16","guid":{"rendered":"https:\/\/accefyn.com\/microsites\/nodos\/astroco\/?page_id=11500"},"modified":"2026-03-02T14:12:34","modified_gmt":"2026-03-02T19:12:34","slug":"miembros-actuales","status":"publish","type":"page","link":"https:\/\/accefyn.com\/microsites\/nodos\/astroco\/miembros-actuales\/","title":{"rendered":"Miembros actuales"},"content":{"rendered":"\t\t<div data-elementor-type=\"wp-page\" data-elementor-id=\"11500\" class=\"elementor elementor-11500\">\n\t\t\t\t\t\t<section class=\"elementor-section elementor-top-section elementor-element elementor-element-563c3bc elementor-section-boxed elementor-section-height-default elementor-section-height-default\" data-id=\"563c3bc\" data-element_type=\"section\" data-e-type=\"section\">\n\t\t\t\t\t\t<div class=\"elementor-container elementor-column-gap-default\">\n\t\t\t\t\t<div class=\"elementor-column elementor-col-100 elementor-top-column elementor-element elementor-element-8bc4156\" data-id=\"8bc4156\" data-element_type=\"column\" data-e-type=\"column\">\n\t\t\t<div class=\"elementor-widget-wrap elementor-element-populated\">\n\t\t\t\t\t\t<div class=\"elementor-element elementor-element-b542d6d elementor-widget elementor-widget-heading\" data-id=\"b542d6d\" data-element_type=\"widget\" data-e-type=\"widget\" data-widget_type=\"heading.default\">\n\t\t\t\t<div class=\"elementor-widget-container\">\n\t\t\t\t\t<h4 class=\"elementor-heading-title elementor-size-default\"><br>MIEMBROS TITULARES<\/h4>\t\t\t\t<\/div>\n\t\t\t\t<\/div>\n\t\t\t\t\t<\/div>\n\t\t<\/div>\n\t\t\t\t\t<\/div>\n\t\t<\/section>\n\t\t\t\t<section class=\"elementor-section elementor-top-section elementor-element elementor-element-9c16158 elementor-section-boxed elementor-section-height-default elementor-section-height-default\" data-id=\"9c16158\" data-element_type=\"section\" data-e-type=\"section\">\n\t\t\t\t\t\t<div class=\"elementor-container elementor-column-gap-default\">\n\t\t\t\t\t<div class=\"elementor-column elementor-col-100 elementor-top-column elementor-element elementor-element-fc48bfa\" data-id=\"fc48bfa\" data-element_type=\"column\" data-e-type=\"column\">\n\t\t\t<div class=\"elementor-widget-wrap elementor-element-populated\">\n\t\t\t\t\t\t<div class=\"elementor-element elementor-element-bba10bb elementor-widget elementor-widget-text-editor\" data-id=\"bba10bb\" data-element_type=\"widget\" data-e-type=\"widget\" data-widget_type=\"text-editor.default\">\n\t\t\t\t<div class=\"elementor-widget-container\">\n\t\t\t\t\t\t\t\t\t<ol><li>Jaime Ernesto Forero &#8211; Universidad de los Andes<\/li><li>Sergio Manuel Miranda &#8211; Universidad Distrital Francisco Jose de Caldas<\/li><li>Juli\u00e1n Gustavo Rodr\u00edguez &#8211; Universidad Industrial de Santander<\/li><li>Germ\u00e1n Chaparro- Universidad de Antioquia<\/li><li>Lauren\u00a0 Flor T. &#8211; Universidad de Antioquia<\/li><li>Esteban Silva Villa &#8211; Universidad de Antioquia<\/li><li>Mario Armando Higuera &#8211; Universidad Nacional de Colombia<\/li><li>Santiago Vargas D. &#8211; Universidad Nacional de Colombia<\/li><li>Fredy Dubeibe &#8211;\u00a0 Universidad de los Llanos<\/li><li>Camilo Delgado &#8211; Universidad Distrital FJC &amp; IGAC<\/li><li>Giovanni Pinz\u00f3n &#8211; Universidad Nacional de Colombia<\/li><li>Cristian Giovanny Bernal &#8211; Universidad Nacional de Colombia<\/li><li>Pablo Andr\u00e9s Cuartas &#8211; Universidad de Antioquia<\/li><li>Luis N\u00fa\u00f1ez &#8211; Universidad Industrial de Santander<\/li><li>Edwin Andr\u00e9s Quintero Salazar &#8211; Universidad Tecnol\u00f3gica de Pereira<\/li><li>Rigoberto \u00c1ngel Casas Miranda &#8211; Universidad Nacional de Colombia<\/li><li>Veronica Arias Callejas &#8211; Universidad Nacional de Colombia<\/li><li>Luz \u00c1ngela Garc\u00eda Pe\u00f1aloza &#8211; Universidad ECCI<\/li><\/ol>\t\t\t\t\t\t\t\t<\/div>\n\t\t\t\t<\/div>\n\t\t\t\t\t<\/div>\n\t\t<\/div>\n\t\t\t\t\t<\/div>\n\t\t<\/section>\n\t\t\t\t<section class=\"elementor-section elementor-top-section elementor-element elementor-element-863a327 elementor-section-boxed elementor-section-height-default elementor-section-height-default\" data-id=\"863a327\" data-element_type=\"section\" data-e-type=\"section\">\n\t\t\t\t\t\t<div class=\"elementor-container elementor-column-gap-default\">\n\t\t\t\t\t<div class=\"elementor-column elementor-col-100 elementor-top-column elementor-element elementor-element-a25964b\" data-id=\"a25964b\" data-element_type=\"column\" data-e-type=\"column\">\n\t\t\t<div class=\"elementor-widget-wrap elementor-element-populated\">\n\t\t\t\t\t\t<div class=\"elementor-element elementor-element-348a562 elementor-widget elementor-widget-heading\" data-id=\"348a562\" data-element_type=\"widget\" data-e-type=\"widget\" data-widget_type=\"heading.default\">\n\t\t\t\t<div class=\"elementor-widget-container\">\n\t\t\t\t\t<h4 class=\"elementor-heading-title elementor-size-default\"><br>MIEMBROS HONORARIOS<\/h4>\t\t\t\t<\/div>\n\t\t\t\t<\/div>\n\t\t\t\t\t<\/div>\n\t\t<\/div>\n\t\t\t\t\t<\/div>\n\t\t<\/section>\n\t\t\t\t<section class=\"elementor-section elementor-top-section elementor-element elementor-element-ce5cb55 elementor-section-boxed elementor-section-height-default elementor-section-height-default\" data-id=\"ce5cb55\" data-element_type=\"section\" data-e-type=\"section\">\n\t\t\t\t\t\t<div class=\"elementor-container elementor-column-gap-default\">\n\t\t\t\t\t<div class=\"elementor-column elementor-col-100 elementor-top-column elementor-element elementor-element-bd76799\" data-id=\"bd76799\" data-element_type=\"column\" data-e-type=\"column\">\n\t\t\t<div class=\"elementor-widget-wrap\">\n\t\t\t\t\t\t\t<\/div>\n\t\t<\/div>\n\t\t\t\t\t<\/div>\n\t\t<\/section>\n\t\t\t\t<section class=\"elementor-section elementor-top-section elementor-element elementor-element-88d2cb3 elementor-section-boxed elementor-section-height-default elementor-section-height-default\" data-id=\"88d2cb3\" data-element_type=\"section\" data-e-type=\"section\">\n\t\t\t\t\t\t<div class=\"elementor-container elementor-column-gap-default\">\n\t\t\t\t\t<div class=\"elementor-column elementor-col-100 elementor-top-column elementor-element elementor-element-d7a3c34\" data-id=\"d7a3c34\" data-element_type=\"column\" data-e-type=\"column\">\n\t\t\t<div class=\"elementor-widget-wrap elementor-element-populated\">\n\t\t\t\t\t\t<div class=\"elementor-element elementor-element-b1bb46d elementor-widget elementor-widget-text-editor\" data-id=\"b1bb46d\" data-element_type=\"widget\" data-e-type=\"widget\" data-widget_type=\"text-editor.default\">\n\t\t\t\t<div class=\"elementor-widget-container\">\n\t\t\t\t\t\t\t\t\t<ol><li>Jose Antonio Benavides Blanco &#8211; University of California Riverside<\/li><li>Andr\u00e9s Alejandro Plazas Malag\u00f3n &#8211; SLAC National Accelerator Laboratory \/ Kavli Institute for Particle Astrophysics and Cosmology \/ Stanford University \/ Vera C. Rubin Observatory<\/li><li>Luis Henry Quiroga Nu\u00f1ez Florida &#8211; Institute of Technology<\/li><li>Karla Pe\u00f1a Ram\u00edrez &#8211;\u00a0 Vera C. Rubin Observatory<\/li><li>Heidy Mayerly Quitian-Lara &#8211; Max Planck Institute for Extraterrestrial Physics<\/li><\/ol>\t\t\t\t\t\t\t\t<\/div>\n\t\t\t\t<\/div>\n\t\t\t\t\t<\/div>\n\t\t<\/div>\n\t\t\t\t\t<\/div>\n\t\t<\/section>\n\t\t\t\t<section class=\"elementor-section elementor-top-section elementor-element elementor-element-dba94bf elementor-section-boxed elementor-section-height-default elementor-section-height-default\" data-id=\"dba94bf\" data-element_type=\"section\" data-e-type=\"section\">\n\t\t\t\t\t\t<div class=\"elementor-container elementor-column-gap-default\">\n\t\t\t\t\t<div class=\"elementor-column elementor-col-100 elementor-top-column elementor-element elementor-element-21c5169\" data-id=\"21c5169\" data-element_type=\"column\" data-e-type=\"column\">\n\t\t\t<div class=\"elementor-widget-wrap elementor-element-populated\">\n\t\t\t\t\t\t<div class=\"elementor-element elementor-element-f22445b elementor-widget elementor-widget-heading\" data-id=\"f22445b\" data-element_type=\"widget\" data-e-type=\"widget\" data-widget_type=\"heading.default\">\n\t\t\t\t<div class=\"elementor-widget-container\">\n\t\t\t\t\t<h4 class=\"elementor-heading-title elementor-size-default\">SOCIOS ESTUDIANTES<\/h4>\t\t\t\t<\/div>\n\t\t\t\t<\/div>\n\t\t\t\t\t<\/div>\n\t\t<\/div>\n\t\t\t\t\t<\/div>\n\t\t<\/section>\n\t\t\t\t<section class=\"elementor-section elementor-top-section elementor-element elementor-element-d7d0c45 elementor-section-boxed elementor-section-height-default elementor-section-height-default\" data-id=\"d7d0c45\" data-element_type=\"section\" data-e-type=\"section\">\n\t\t\t\t\t\t<div class=\"elementor-container elementor-column-gap-default\">\n\t\t\t\t\t<div class=\"elementor-column elementor-col-100 elementor-top-column elementor-element elementor-element-59daff6\" data-id=\"59daff6\" data-element_type=\"column\" data-e-type=\"column\">\n\t\t\t<div class=\"elementor-widget-wrap elementor-element-populated\">\n\t\t\t\t\t\t<div class=\"elementor-element elementor-element-57587a4 elementor-widget elementor-widget-text-editor\" data-id=\"57587a4\" data-element_type=\"widget\" data-e-type=\"widget\" data-widget_type=\"text-editor.default\">\n\t\t\t\t<div class=\"elementor-widget-container\">\n\t\t\t\t\t\t\t\t\t<ol><li>Joan Sebastian Polania Montes<\/li><li>Rafael Jos\u00e9 Fragozo Larrazabal<\/li><li>Santiago Garc\u00eda Torres<\/li><li>Isabela Duss\u00e1n D\u00edas<\/li><\/ol>\t\t\t\t\t\t\t\t<\/div>\n\t\t\t\t<\/div>\n\t\t\t\t\t<\/div>\n\t\t<\/div>\n\t\t\t\t\t<\/div>\n\t\t<\/section>\n\t\t\t\t<section class=\"elementor-section elementor-top-section elementor-element elementor-element-2bd851f elementor-section-boxed elementor-section-height-default elementor-section-height-default\" data-id=\"2bd851f\" data-element_type=\"section\" data-e-type=\"section\">\n\t\t\t\t\t\t<div class=\"elementor-container elementor-column-gap-default\">\n\t\t\t\t\t<div class=\"elementor-column elementor-col-100 elementor-top-column elementor-element elementor-element-d694aef\" data-id=\"d694aef\" data-element_type=\"column\" data-e-type=\"column\">\n\t\t\t<div class=\"elementor-widget-wrap elementor-element-populated\">\n\t\t\t\t\t\t<div class=\"elementor-element elementor-element-f456c25 elementor-widget elementor-widget-heading\" data-id=\"f456c25\" data-element_type=\"widget\" data-e-type=\"widget\" data-widget_type=\"heading.default\">\n\t\t\t\t<div class=\"elementor-widget-container\">\n\t\t\t\t\t<h4 class=\"elementor-heading-title elementor-size-default\">SOCIOS NO-ESTUDIANTES<\/h4>\t\t\t\t<\/div>\n\t\t\t\t<\/div>\n\t\t\t\t\t<\/div>\n\t\t<\/div>\n\t\t\t\t\t<\/div>\n\t\t<\/section>\n\t\t\t\t<section class=\"elementor-section elementor-top-section elementor-element elementor-element-dbcb3dd elementor-section-boxed elementor-section-height-default elementor-section-height-default\" data-id=\"dbcb3dd\" data-element_type=\"section\" data-e-type=\"section\">\n\t\t\t\t\t\t<div class=\"elementor-container elementor-column-gap-default\">\n\t\t\t\t\t<div class=\"elementor-column elementor-col-100 elementor-top-column elementor-element elementor-element-6ae12f2\" data-id=\"6ae12f2\" data-element_type=\"column\" data-e-type=\"column\">\n\t\t\t<div class=\"elementor-widget-wrap elementor-element-populated\">\n\t\t\t\t\t\t<div class=\"elementor-element elementor-element-d1d1608 elementor-widget elementor-widget-text-editor\" data-id=\"d1d1608\" data-element_type=\"widget\" data-e-type=\"widget\" data-widget_type=\"text-editor.default\">\n\t\t\t\t<div class=\"elementor-widget-container\">\n\t\t\t\t\t\t\t\t\t<ol><li>Carlos Eduerdo Cede\u00f1o Monta\u00f1a<\/li><li>Sandra Milena Conde Cuellar<\/li><\/ol>\t\t\t\t\t\t\t\t<\/div>\n\t\t\t\t<\/div>\n\t\t\t\t\t<\/div>\n\t\t<\/div>\n\t\t\t\t\t<\/div>\n\t\t<\/section>\n\t\t\t\t<\/div>\n\t\t","protected":false},"excerpt":{"rendered":"<p>MIEMBROS TITULARES Jaime Ernesto Forero &#8211; Universidad de los Andes Sergio Manuel Miranda &#8211; Universidad Distrital Francisco Jose de Caldas [&hellip;]<\/p>\n","protected":false},"author":1,"featured_media":0,"parent":0,"menu_order":0,"comment_status":"closed","ping_status":"closed","template":"","meta":{"site-sidebar-layout":"no-sidebar","site-content-layout":"","ast-site-content-layout":"full-width-container","site-content-style":"default","site-sidebar-style":"default","ast-global-header-display":"","ast-banner-title-visibility":"","ast-main-header-display":"","ast-hfb-above-header-display":"","ast-hfb-below-header-display":"","ast-hfb-mobile-header-display":"","site-post-title":"disabled","ast-breadcrumbs-content":"","ast-featured-img":"disabled","footer-sml-layout":"","theme-transparent-header-meta":"","adv-header-id-meta":"","stick-header-meta":"","header-above-stick-meta":"","header-main-stick-meta":"","header-below-stick-meta":"","astra-migrate-meta-layouts":"default","ast-page-background-enabled":"default","ast-page-background-meta":{"desktop":{"background-color":"var(--ast-global-color-5)","background-image":"","background-repeat":"repeat","background-position":"center center","background-size":"auto","background-attachment":"scroll","background-type":"","background-media":"","overlay-type":"","overlay-color":"","overlay-opacity":"","overlay-gradient":""},"tablet":{"background-color":"","background-image":"","background-repeat":"repeat","background-position":"center center","background-size":"auto","background-attachment":"scroll","background-type":"","background-media":"","overlay-type":"","overlay-color":"","overlay-opacity":"","overlay-gradient":""},"mobile":{"background-color":"","background-image":"","background-repeat":"repeat","background-position":"center center","background-size":"auto","background-attachment":"scroll","background-type":"","background-media":"","overlay-type":"","overlay-color":"","overlay-opacity":"","overlay-gradient":""}},"ast-content-background-meta":{"desktop":{"background-color":"var(--ast-global-color-4)","background-image":"","background-repeat":"repeat","background-position":"center center","background-size":"auto","background-attachment":"scroll","background-type":"","background-media":"","overlay-type":"","overlay-color":"","overlay-opacity":"","overlay-gradient":""},"tablet":{"background-color":"var(--ast-global-color-4)","background-image":"","background-repeat":"repeat","background-position":"center center","background-size":"auto","background-attachment":"scroll","background-type":"","background-media":"","overlay-type":"","overlay-color":"","overlay-opacity":"","overlay-gradient":""},"mobile":{"background-color":"var(--ast-global-color-4)","background-image":"","background-repeat":"repeat","background-position":"center center","background-size":"auto","background-attachment":"scroll","background-type":"","background-media":"","overlay-type":"","overlay-color":"","overlay-opacity":"","overlay-gradient":""}},"footnotes":""},"class_list":["post-11500","page","type-page","status-publish","hentry"],"_links":{"self":[{"href":"https:\/\/accefyn.com\/microsites\/nodos\/astroco\/wp-json\/wp\/v2\/pages\/11500","targetHints":{"allow":["GET"]}}],"collection":[{"href":"https:\/\/accefyn.com\/microsites\/nodos\/astroco\/wp-json\/wp\/v2\/pages"}],"about":[{"href":"https:\/\/accefyn.com\/microsites\/nodos\/astroco\/wp-json\/wp\/v2\/types\/page"}],"author":[{"embeddable":true,"href":"https:\/\/accefyn.com\/microsites\/nodos\/astroco\/wp-json\/wp\/v2\/users\/1"}],"replies":[{"embeddable":true,"href":"https:\/\/accefyn.com\/microsites\/nodos\/astroco\/wp-json\/wp\/v2\/comments?post=11500"}],"version-history":[{"count":16,"href":"https:\/\/accefyn.com\/microsites\/nodos\/astroco\/wp-json\/wp\/v2\/pages\/11500\/revisions"}],"predecessor-version":[{"id":12118,"href":"https:\/\/accefyn.com\/microsites\/nodos\/astroco\/wp-json\/wp\/v2\/pages\/11500\/revisions\/12118"}],"wp:attachment":[{"href":"https:\/\/accefyn.com\/microsites\/nodos\/astroco\/wp-json\/wp\/v2\/media?parent=11500"}],"curies":[{"name":"wp","href":"https:\/\/api.w.org\/{rel}","templated":true}]}}