{"id":11447,"date":"2025-04-29T19:19:40","date_gmt":"2025-04-30T00:19:40","guid":{"rendered":"https:\/\/accefyn.com\/microsites\/nodos\/astroco\/?page_id=11447"},"modified":"2025-04-29T21:43:37","modified_gmt":"2025-04-30T02:43:37","slug":"miembros","status":"publish","type":"page","link":"https:\/\/accefyn.com\/microsites\/nodos\/astroco\/miembros\/","title":{"rendered":"Membres\u00edas"},"content":{"rendered":"\t\t<div data-elementor-type=\"wp-page\" data-elementor-id=\"11447\" class=\"elementor elementor-11447\">\n\t\t\t\t\t\t<section class=\"elementor-section elementor-top-section elementor-element elementor-element-23f7b4f elementor-section-boxed elementor-section-height-default elementor-section-height-default\" data-id=\"23f7b4f\" data-element_type=\"section\" data-e-type=\"section\">\n\t\t\t\t\t\t<div class=\"elementor-container elementor-column-gap-default\">\n\t\t\t\t\t<div class=\"elementor-column elementor-col-100 elementor-top-column elementor-element elementor-element-5d122e8\" data-id=\"5d122e8\" data-element_type=\"column\" data-e-type=\"column\">\n\t\t\t<div class=\"elementor-widget-wrap elementor-element-populated\">\n\t\t\t\t\t\t<div class=\"elementor-element elementor-element-67f2703 elementor-widget elementor-widget-text-editor\" data-id=\"67f2703\" data-element_type=\"widget\" data-e-type=\"widget\" data-widget_type=\"text-editor.default\">\n\t\t\t\t<div class=\"elementor-widget-container\">\n\t\t\t\t\t\t\t\t\t<p>La Comunidad AstroCO est\u00e1 constituida por a) <b>Miembros Titulares<\/b>, b) <b>Miembros Honorarios,<\/b> (denominados colectivamente Miembros) y c) <b>Socios<\/b>. Para la admisi\u00f3n de cada uno de los miembros se tiene la siguiente informaci\u00f3n:<\/p>\t\t\t\t\t\t\t\t<\/div>\n\t\t\t\t<\/div>\n\t\t\t\t\t<\/div>\n\t\t<\/div>\n\t\t\t\t\t<\/div>\n\t\t<\/section>\n\t\t\t\t<section class=\"elementor-section elementor-top-section elementor-element elementor-element-276e888 elementor-section-boxed elementor-section-height-default elementor-section-height-default\" data-id=\"276e888\" data-element_type=\"section\" data-e-type=\"section\">\n\t\t\t\t\t\t<div class=\"elementor-container elementor-column-gap-default\">\n\t\t\t\t\t<div class=\"elementor-column elementor-col-50 elementor-top-column elementor-element elementor-element-31bdead\" data-id=\"31bdead\" data-element_type=\"column\" data-e-type=\"column\">\n\t\t\t<div class=\"elementor-widget-wrap elementor-element-populated\">\n\t\t\t\t\t\t<div class=\"elementor-element elementor-element-01f478e elementor-widget elementor-widget-text-editor\" data-id=\"01f478e\" data-element_type=\"widget\" data-e-type=\"widget\" data-widget_type=\"text-editor.default\">\n\t\t\t\t<div class=\"elementor-widget-container\">\n\t\t\t\t\t\t\t\t\t<p><strong>MIEMBROS TITULARES<\/strong><\/p><p>Podr\u00e1n ser aceptados como Miembros Titulares las personas<br \/>que cumplan los requisitos:<\/p><ol><li>Tener ciudadan\u00eda colombiana o ser ciudadano extranjero residente en Colombia.<\/li><li>Tener doctorado.<\/li><li>Haber hecho un aporte significativo al desarrollo de la Astronom\u00eda en Colombia.<\/li><li>Haber colaborado con AstroCO.<\/li><li>Haber estado vinculado a una instituci\u00f3n de educaci\u00f3n superior Colombiana como profesor habiendo hecho investigaci\u00f3n en Astronom\u00eda como parte de esta vinculaci\u00f3n.<\/li><li>Ser presentado por dos (2) Miembros Titulares a trav\u00e9s de cartas de recomendaci\u00f3n dirigidas a la Junta Directiva junto con su hoja de vida acad\u00e9mica.<\/li><li>Tener un informe positivo del Comit\u00e9 de Selecci\u00f3n.<\/li><li>Recibir la aprobaci\u00f3n de los Miembros Titulares en votaci\u00f3n remota o en Asamblea General.<\/li><\/ol>\t\t\t\t\t\t\t\t<\/div>\n\t\t\t\t<\/div>\n\t\t\t\t\t<\/div>\n\t\t<\/div>\n\t\t\t\t<div class=\"elementor-column elementor-col-50 elementor-top-column elementor-element elementor-element-4207c16\" data-id=\"4207c16\" data-element_type=\"column\" data-e-type=\"column\">\n\t\t\t<div class=\"elementor-widget-wrap elementor-element-populated\">\n\t\t\t\t\t\t<div class=\"elementor-element elementor-element-64b8052 elementor-widget elementor-widget-text-editor\" data-id=\"64b8052\" data-element_type=\"widget\" data-e-type=\"widget\" data-widget_type=\"text-editor.default\">\n\t\t\t\t<div class=\"elementor-widget-container\">\n\t\t\t\t\t\t\t\t\t<p><strong>MIEMBROS HONORARIOS<\/strong><\/p><p>Podr\u00e1n ser aceptados como Miembros Honorarios las<br \/>personas que cumplan los requisitos:<\/p><ol><li>Tener ciudadan\u00eda colombiana o ser ciudadano extranjero residente en Colombia.<\/li><li>Haber hecho un aporte significativo al desarrollo de la Astronom\u00eda en Colombia.<\/li><li>Haber colaborado con AstroCO.<\/li><li>Ser presentado por tres (3) Miembros Titulares a trav\u00e9s de cartas de recomendaci\u00f3n dirigidas a la Junta Directiva.<\/li><li>Tener un informe positivo del Comit\u00e9 de Selecci\u00f3n.<\/li><li>Recibir la aprobaci\u00f3n de los Miembros Titulares en votaci\u00f3n remota o en Asamblea<br \/>General.<\/li><\/ol>\t\t\t\t\t\t\t\t<\/div>\n\t\t\t\t<\/div>\n\t\t\t\t\t<\/div>\n\t\t<\/div>\n\t\t\t\t\t<\/div>\n\t\t<\/section>\n\t\t\t\t<section class=\"elementor-section elementor-top-section elementor-element elementor-element-2eeca8a elementor-section-boxed elementor-section-height-default elementor-section-height-default\" data-id=\"2eeca8a\" data-element_type=\"section\" data-e-type=\"section\">\n\t\t\t\t\t\t<div class=\"elementor-container elementor-column-gap-default\">\n\t\t\t\t\t<div class=\"elementor-column elementor-col-100 elementor-top-column elementor-element elementor-element-b21ab24\" data-id=\"b21ab24\" data-element_type=\"column\" data-e-type=\"column\">\n\t\t\t<div class=\"elementor-widget-wrap elementor-element-populated\">\n\t\t\t\t\t\t<div class=\"elementor-element elementor-element-9998020 elementor-widget elementor-widget-text-editor\" data-id=\"9998020\" data-element_type=\"widget\" data-e-type=\"widget\" data-widget_type=\"text-editor.default\">\n\t\t\t\t<div class=\"elementor-widget-container\">\n\t\t\t\t\t\t\t\t\t<p><strong>SOCIOS<\/strong><\/p><p>Pueden ser socios todas las personas en cualquiera de las siguientes clases: (a) estudiantes universitarios interesados en la Astronom\u00eda; (b) profesores o investigadores en Astronom\u00eda; (c) otras personas profesionalmente formadas en Astronom\u00eda;\u00a0(d) personas comprometidas en l\u00edneas de trabajo relacionadas con la Astronom\u00eda; y (e) personas que no est\u00e9n profesionalmente comprometidas ni en la Astronom\u00eda ni en l\u00edneas relacionadas, pero cuyo inter\u00e9s y actividad en la ciencia sea compatible con la misi\u00f3n y objetivos de AstroCO. La admisi\u00f3n como Socio debe ser aprobada por la Junta Directiva.<\/p>\t\t\t\t\t\t\t\t<\/div>\n\t\t\t\t<\/div>\n\t\t\t\t\t<\/div>\n\t\t<\/div>\n\t\t\t\t\t<\/div>\n\t\t<\/section>\n\t\t\t\t<\/div>\n\t\t","protected":false},"excerpt":{"rendered":"<p>La Comunidad AstroCO est\u00e1 constituida por a) Miembros Titulares, b) Miembros Honorarios, (denominados colectivamente Miembros) y c) Socios. Para la [&hellip;]<\/p>\n","protected":false},"author":1,"featured_media":0,"parent":0,"menu_order":0,"comment_status":"closed","ping_status":"closed","template":"","meta":{"site-sidebar-layout":"no-sidebar","site-content-layout":"","ast-site-content-layout":"full-width-container","site-content-style":"default","site-sidebar-style":"default","ast-global-header-display":"","ast-banner-title-visibility":"","ast-main-header-display":"","ast-hfb-above-header-display":"","ast-hfb-below-header-display":"","ast-hfb-mobile-header-display":"","site-post-title":"disabled","ast-breadcrumbs-content":"","ast-featured-img":"disabled","footer-sml-layout":"","theme-transparent-header-meta":"","adv-header-id-meta":"","stick-header-meta":"","header-above-stick-meta":"","header-main-stick-meta":"","header-below-stick-meta":"","astra-migrate-meta-layouts":"default","ast-page-background-enabled":"default","ast-page-background-meta":{"desktop":{"background-color":"var(--ast-global-color-5)","background-image":"","background-repeat":"repeat","background-position":"center center","background-size":"auto","background-attachment":"scroll","background-type":"","background-media":"","overlay-type":"","overlay-color":"","overlay-opacity":"","overlay-gradient":""},"tablet":{"background-color":"","background-image":"","background-repeat":"repeat","background-position":"center center","background-size":"auto","background-attachment":"scroll","background-type":"","background-media":"","overlay-type":"","overlay-color":"","overlay-opacity":"","overlay-gradient":""},"mobile":{"background-color":"","background-image":"","background-repeat":"repeat","background-position":"center center","background-size":"auto","background-attachment":"scroll","background-type":"","background-media":"","overlay-type":"","overlay-color":"","overlay-opacity":"","overlay-gradient":""}},"ast-content-background-meta":{"desktop":{"background-color":"var(--ast-global-color-4)","background-image":"","background-repeat":"repeat","background-position":"center center","background-size":"auto","background-attachment":"scroll","background-type":"","background-media":"","overlay-type":"","overlay-color":"","overlay-opacity":"","overlay-gradient":""},"tablet":{"background-color":"var(--ast-global-color-4)","background-image":"","background-repeat":"repeat","background-position":"center center","background-size":"auto","background-attachment":"scroll","background-type":"","background-media":"","overlay-type":"","overlay-color":"","overlay-opacity":"","overlay-gradient":""},"mobile":{"background-color":"var(--ast-global-color-4)","background-image":"","background-repeat":"repeat","background-position":"center center","background-size":"auto","background-attachment":"scroll","background-type":"","background-media":"","overlay-type":"","overlay-color":"","overlay-opacity":"","overlay-gradient":""}},"footnotes":""},"class_list":["post-11447","page","type-page","status-publish","hentry"],"_links":{"self":[{"href":"https:\/\/accefyn.com\/microsites\/nodos\/astroco\/wp-json\/wp\/v2\/pages\/11447","targetHints":{"allow":["GET"]}}],"collection":[{"href":"https:\/\/accefyn.com\/microsites\/nodos\/astroco\/wp-json\/wp\/v2\/pages"}],"about":[{"href":"https:\/\/accefyn.com\/microsites\/nodos\/astroco\/wp-json\/wp\/v2\/types\/page"}],"author":[{"embeddable":true,"href":"https:\/\/accefyn.com\/microsites\/nodos\/astroco\/wp-json\/wp\/v2\/users\/1"}],"replies":[{"embeddable":true,"href":"https:\/\/accefyn.com\/microsites\/nodos\/astroco\/wp-json\/wp\/v2\/comments?post=11447"}],"version-history":[{"count":35,"href":"https:\/\/accefyn.com\/microsites\/nodos\/astroco\/wp-json\/wp\/v2\/pages\/11447\/revisions"}],"predecessor-version":[{"id":11566,"href":"https:\/\/accefyn.com\/microsites\/nodos\/astroco\/wp-json\/wp\/v2\/pages\/11447\/revisions\/11566"}],"wp:attachment":[{"href":"https:\/\/accefyn.com\/microsites\/nodos\/astroco\/wp-json\/wp\/v2\/media?parent=11447"}],"curies":[{"name":"wp","href":"https:\/\/api.w.org\/{rel}","templated":true}]}}