{"id":11423,"date":"2025-04-29T18:50:44","date_gmt":"2025-04-29T23:50:44","guid":{"rendered":"https:\/\/accefyn.com\/microsites\/nodos\/astroco\/?page_id=11423"},"modified":"2025-06-26T17:46:36","modified_gmt":"2025-06-26T22:46:36","slug":"acerca-de","status":"publish","type":"page","link":"https:\/\/accefyn.com\/microsites\/nodos\/astroco\/acerca-de\/","title":{"rendered":"Misi\u00f3n y Objetivos"},"content":{"rendered":"\t\t<div data-elementor-type=\"wp-page\" data-elementor-id=\"11423\" class=\"elementor elementor-11423\">\n\t\t\t\t\t\t<section class=\"elementor-section elementor-top-section elementor-element elementor-element-c711b47 elementor-section-boxed elementor-section-height-default elementor-section-height-default\" data-id=\"c711b47\" data-element_type=\"section\" data-e-type=\"section\">\n\t\t\t\t\t\t<div class=\"elementor-container elementor-column-gap-default\">\n\t\t\t\t\t<div class=\"elementor-column elementor-col-100 elementor-top-column elementor-element elementor-element-16fa520\" data-id=\"16fa520\" data-element_type=\"column\" data-e-type=\"column\">\n\t\t\t<div class=\"elementor-widget-wrap elementor-element-populated\">\n\t\t\t\t\t\t<div class=\"elementor-element elementor-element-4a3d473 elementor-widget elementor-widget-heading\" data-id=\"4a3d473\" data-element_type=\"widget\" data-e-type=\"widget\" data-widget_type=\"heading.default\">\n\t\t\t\t<div class=\"elementor-widget-container\">\n\t\t\t\t\t<h4 class=\"elementor-heading-title elementor-size-large\"><br> MISI\u00d3N<\/h4>\t\t\t\t<\/div>\n\t\t\t\t<\/div>\n\t\t\t\t\t<\/div>\n\t\t<\/div>\n\t\t\t\t\t<\/div>\n\t\t<\/section>\n\t\t\t\t<section class=\"elementor-section elementor-top-section elementor-element elementor-element-fab07d6 elementor-section-boxed elementor-section-height-default elementor-section-height-default\" data-id=\"fab07d6\" data-element_type=\"section\" data-e-type=\"section\">\n\t\t\t\t\t\t<div class=\"elementor-container elementor-column-gap-default\">\n\t\t\t\t\t<div class=\"elementor-column elementor-col-100 elementor-top-column elementor-element elementor-element-13269bd\" data-id=\"13269bd\" data-element_type=\"column\" data-e-type=\"column\">\n\t\t\t<div class=\"elementor-widget-wrap elementor-element-populated\">\n\t\t\t\t\t\t<div class=\"elementor-element elementor-element-1ece17e elementor-widget elementor-widget-text-editor\" data-id=\"1ece17e\" data-element_type=\"widget\" data-e-type=\"widget\" data-widget_type=\"text-editor.default\">\n\t\t\t\t<div class=\"elementor-widget-container\">\n\t\t\t\t\t\t\t\t\t<p><span style=\"font-style: inherit; font-weight: inherit;\">En la firme creencia de que la comprensi\u00f3n de la naturaleza del universo f\u00edsico beneficia a toda la humanidad, la Comunidad AstroCO tendr\u00e1 como misi\u00f3n el avance de la Astronom\u00eda en Colombia, entendida en todo este documento y por la misma Comunidad como el \u00e1rea espec\u00edfica de la Astronom\u00eda\/Astrof\u00edsica pero tambi\u00e9n incluyendo ciencias afines como Cosmolog\u00eda y Ciencias Espaciales.<\/span><\/p>\t\t\t\t\t\t\t\t<\/div>\n\t\t\t\t<\/div>\n\t\t\t\t\t<\/div>\n\t\t<\/div>\n\t\t\t\t\t<\/div>\n\t\t<\/section>\n\t\t\t\t<section class=\"elementor-section elementor-top-section elementor-element elementor-element-c327eb7 elementor-section-boxed elementor-section-height-default elementor-section-height-default\" data-id=\"c327eb7\" data-element_type=\"section\" data-e-type=\"section\">\n\t\t\t\t\t\t<div class=\"elementor-container elementor-column-gap-default\">\n\t\t\t\t\t<div class=\"elementor-column elementor-col-100 elementor-top-column elementor-element elementor-element-eca8dcb\" data-id=\"eca8dcb\" data-element_type=\"column\" data-e-type=\"column\">\n\t\t\t<div class=\"elementor-widget-wrap elementor-element-populated\">\n\t\t\t\t\t\t<div class=\"elementor-element elementor-element-4069e6d elementor-widget-divider--view-line elementor-widget elementor-widget-divider\" data-id=\"4069e6d\" data-element_type=\"widget\" data-e-type=\"widget\" data-widget_type=\"divider.default\">\n\t\t\t\t<div class=\"elementor-widget-container\">\n\t\t\t\t\t\t\t<div class=\"elementor-divider\">\n\t\t\t<span class=\"elementor-divider-separator\">\n\t\t\t\t\t\t<\/span>\n\t\t<\/div>\n\t\t\t\t\t\t<\/div>\n\t\t\t\t<\/div>\n\t\t\t\t\t<\/div>\n\t\t<\/div>\n\t\t\t\t\t<\/div>\n\t\t<\/section>\n\t\t\t\t<section class=\"elementor-section elementor-top-section elementor-element elementor-element-1fad046 elementor-section-boxed elementor-section-height-default elementor-section-height-default\" data-id=\"1fad046\" data-element_type=\"section\" data-e-type=\"section\">\n\t\t\t\t\t\t<div class=\"elementor-container elementor-column-gap-default\">\n\t\t\t\t\t<div class=\"elementor-column elementor-col-100 elementor-top-column elementor-element elementor-element-7364fec\" data-id=\"7364fec\" data-element_type=\"column\" data-e-type=\"column\">\n\t\t\t<div class=\"elementor-widget-wrap elementor-element-populated\">\n\t\t\t\t\t\t<div class=\"elementor-element elementor-element-8d0015c elementor-widget elementor-widget-heading\" data-id=\"8d0015c\" data-element_type=\"widget\" data-e-type=\"widget\" data-widget_type=\"heading.default\">\n\t\t\t\t<div class=\"elementor-widget-container\">\n\t\t\t\t\t<h4 class=\"elementor-heading-title elementor-size-large\"><br>OBJETIVOS<\/h4>\t\t\t\t<\/div>\n\t\t\t\t<\/div>\n\t\t\t\t\t<\/div>\n\t\t<\/div>\n\t\t\t\t\t<\/div>\n\t\t<\/section>\n\t\t\t\t<section class=\"elementor-section elementor-top-section elementor-element elementor-element-a18296f elementor-section-boxed elementor-section-height-default elementor-section-height-default\" data-id=\"a18296f\" data-element_type=\"section\" data-e-type=\"section\">\n\t\t\t\t\t\t<div class=\"elementor-container elementor-column-gap-default\">\n\t\t\t\t\t<div class=\"elementor-column elementor-col-100 elementor-top-column elementor-element elementor-element-fa46917\" data-id=\"fa46917\" data-element_type=\"column\" data-e-type=\"column\">\n\t\t\t<div class=\"elementor-widget-wrap elementor-element-populated\">\n\t\t\t\t\t\t<div class=\"elementor-element elementor-element-04e258b elementor-widget elementor-widget-text-editor\" data-id=\"04e258b\" data-element_type=\"widget\" data-e-type=\"widget\" data-widget_type=\"text-editor.default\">\n\t\t\t\t<div class=\"elementor-widget-container\">\n\t\t\t\t\t\t\t\t\t<ol>\n<li>Promover el avance y la difusi\u00f3n de la Astronom\u00eda en Colombia.<\/li>\n<li>Fomentar la colaboraci\u00f3n y el intercambio de conocimientos entre los Miembros de AstroCO y con la comunidad cient\u00edfica internacional.<\/li>\n<li>Organizar y promover reuniones cient\u00edficas, congresos, conferencias y otras actividades relacionadas con la Astronom\u00eda.<\/li>\n<li>Estimular la educaci\u00f3n y la formaci\u00f3n en Astronom\u00eda a todos los niveles, desde la educaci\u00f3n b\u00e1sica hasta la investigaci\u00f3n avanzada, incluyendo la formaci\u00f3n doctoral.<\/li>\n<li>Representar a la comunidad colombiana de Astronom\u00eda ante organismos nacionales e<br>internacionales.&nbsp;<\/li>\n<li>Asesorar a instituciones p\u00fablicas y privadas en temas relacionados con la Astronom\u00eda.<\/li>\n<li>Fomentar la publicaci\u00f3n y difusi\u00f3n de investigaciones y descubrimientos en el campo de la Astronom\u00eda realizados por Miembros de AstroCO ante las comunidades cient\u00edficas,&nbsp;tomadores de decisiones y el p\u00fablico en general.<\/li>\n<li>Promover la preservaci\u00f3n y el desarrollo de la infraestructura e instrumentaci\u00f3n astron\u00f3mica en Colombia.<\/li>\n<li>Contribuir al uso de la astronom\u00eda como herramienta para el desarrollo de la sociedad colombiana y de su cultura cient\u00edfica.<\/li>\n<li>Establecer y mantener est\u00e1ndares \u00e9ticos en la pr\u00e1ctica profesional de la Astronom\u00eda entre los Miembros de AstroCO.<\/li>\n<\/ol>\t\t\t\t\t\t\t\t<\/div>\n\t\t\t\t<\/div>\n\t\t\t\t\t<\/div>\n\t\t<\/div>\n\t\t\t\t\t<\/div>\n\t\t<\/section>\n\t\t\t\t<\/div>\n\t\t","protected":false},"excerpt":{"rendered":"<p>MISI\u00d3N En la firme creencia de que la comprensi\u00f3n de la naturaleza del universo f\u00edsico beneficia a toda la humanidad, [&hellip;]<\/p>\n","protected":false},"author":1,"featured_media":0,"parent":0,"menu_order":0,"comment_status":"closed","ping_status":"closed","template":"","meta":{"site-sidebar-layout":"default","site-content-layout":"","ast-site-content-layout":"default","site-content-style":"default","site-sidebar-style":"default","ast-global-header-display":"","ast-banner-title-visibility":"","ast-main-header-display":"","ast-hfb-above-header-display":"","ast-hfb-below-header-display":"","ast-hfb-mobile-header-display":"","site-post-title":"","ast-breadcrumbs-content":"","ast-featured-img":"","footer-sml-layout":"","theme-transparent-header-meta":"","adv-header-id-meta":"","stick-header-meta":"","header-above-stick-meta":"","header-main-stick-meta":"","header-below-stick-meta":"","astra-migrate-meta-layouts":"default","ast-page-background-enabled":"default","ast-page-background-meta":{"desktop":{"background-color":"var(--ast-global-color-5)","background-image":"","background-repeat":"repeat","background-position":"center center","background-size":"auto","background-attachment":"scroll","background-type":"","background-media":"","overlay-type":"","overlay-color":"","overlay-opacity":"","overlay-gradient":""},"tablet":{"background-color":"","background-image":"","background-repeat":"repeat","background-position":"center center","background-size":"auto","background-attachment":"scroll","background-type":"","background-media":"","overlay-type":"","overlay-color":"","overlay-opacity":"","overlay-gradient":""},"mobile":{"background-color":"","background-image":"","background-repeat":"repeat","background-position":"center center","background-size":"auto","background-attachment":"scroll","background-type":"","background-media":"","overlay-type":"","overlay-color":"","overlay-opacity":"","overlay-gradient":""}},"ast-content-background-meta":{"desktop":{"background-color":"var(--ast-global-color-4)","background-image":"","background-repeat":"repeat","background-position":"center center","background-size":"auto","background-attachment":"scroll","background-type":"","background-media":"","overlay-type":"","overlay-color":"","overlay-opacity":"","overlay-gradient":""},"tablet":{"background-color":"var(--ast-global-color-4)","background-image":"","background-repeat":"repeat","background-position":"center center","background-size":"auto","background-attachment":"scroll","background-type":"","background-media":"","overlay-type":"","overlay-color":"","overlay-opacity":"","overlay-gradient":""},"mobile":{"background-color":"var(--ast-global-color-4)","background-image":"","background-repeat":"repeat","background-position":"center center","background-size":"auto","background-attachment":"scroll","background-type":"","background-media":"","overlay-type":"","overlay-color":"","overlay-opacity":"","overlay-gradient":""}},"footnotes":""},"class_list":["post-11423","page","type-page","status-publish","hentry"],"_links":{"self":[{"href":"https:\/\/accefyn.com\/microsites\/nodos\/astroco\/wp-json\/wp\/v2\/pages\/11423","targetHints":{"allow":["GET"]}}],"collection":[{"href":"https:\/\/accefyn.com\/microsites\/nodos\/astroco\/wp-json\/wp\/v2\/pages"}],"about":[{"href":"https:\/\/accefyn.com\/microsites\/nodos\/astroco\/wp-json\/wp\/v2\/types\/page"}],"author":[{"embeddable":true,"href":"https:\/\/accefyn.com\/microsites\/nodos\/astroco\/wp-json\/wp\/v2\/users\/1"}],"replies":[{"embeddable":true,"href":"https:\/\/accefyn.com\/microsites\/nodos\/astroco\/wp-json\/wp\/v2\/comments?post=11423"}],"version-history":[{"count":19,"href":"https:\/\/accefyn.com\/microsites\/nodos\/astroco\/wp-json\/wp\/v2\/pages\/11423\/revisions"}],"predecessor-version":[{"id":11543,"href":"https:\/\/accefyn.com\/microsites\/nodos\/astroco\/wp-json\/wp\/v2\/pages\/11423\/revisions\/11543"}],"wp:attachment":[{"href":"https:\/\/accefyn.com\/microsites\/nodos\/astroco\/wp-json\/wp\/v2\/media?parent=11423"}],"curies":[{"name":"wp","href":"https:\/\/api.w.org\/{rel}","templated":true}]}}