{"id":549,"date":"2024-07-10T20:59:20","date_gmt":"2024-07-10T20:59:20","guid":{"rendered":"https:\/\/accefyn.com\/microsites\/capitulos\/caribe\/?page_id=549"},"modified":"2024-08-23T21:30:48","modified_gmt":"2024-08-23T21:30:48","slug":"videos-eventos","status":"publish","type":"page","link":"https:\/\/accefyn.com\/microsites\/capitulos\/caribe\/videos-eventos\/","title":{"rendered":"Videos"},"content":{"rendered":"\t\t<div data-elementor-type=\"wp-page\" data-elementor-id=\"549\" class=\"elementor elementor-549\" data-elementor-post-type=\"page\">\n\t\t\t\t<div class=\"elementor-element elementor-element-a7e163d e-flex e-con-boxed e-con e-parent\" data-id=\"a7e163d\" data-element_type=\"container\">\n\t\t\t\t\t<div class=\"e-con-inner\">\n\t\t\t\t<div class=\"elementor-element elementor-element-bb29b1c elementor-widget elementor-widget-spacer\" data-id=\"bb29b1c\" data-element_type=\"widget\" data-widget_type=\"spacer.default\">\n\t\t\t\t<div class=\"elementor-widget-container\">\n\t\t\t\t\t\t\t<div class=\"elementor-spacer\">\n\t\t\t<div class=\"elementor-spacer-inner\"><\/div>\n\t\t<\/div>\n\t\t\t\t\t\t<\/div>\n\t\t\t\t<\/div>\n\t\t\t\t<div class=\"elementor-element elementor-element-18c4683 elementor-widget elementor-widget-heading\" data-id=\"18c4683\" data-element_type=\"widget\" data-widget_type=\"heading.default\">\n\t\t\t\t<div class=\"elementor-widget-container\">\n\t\t\t\t\t<h4 class=\"elementor-heading-title elementor-size-default\">Videos<\/h4>\t\t\t\t<\/div>\n\t\t\t\t<\/div>\n\t\t\t\t<div class=\"elementor-element elementor-element-b58dae4 elementor-widget elementor-widget-spacer\" data-id=\"b58dae4\" data-element_type=\"widget\" data-widget_type=\"spacer.default\">\n\t\t\t\t<div class=\"elementor-widget-container\">\n\t\t\t\t\t\t\t<div class=\"elementor-spacer\">\n\t\t\t<div class=\"elementor-spacer-inner\"><\/div>\n\t\t<\/div>\n\t\t\t\t\t\t<\/div>\n\t\t\t\t<\/div>\n\t\t\t\t<div class=\"elementor-element elementor-element-aa6cb94 elementor-widget elementor-widget-wp-widget-maxmegamenu\" data-id=\"aa6cb94\" data-element_type=\"widget\" data-widget_type=\"wp-widget-maxmegamenu.default\">\n\t\t\t\t<div class=\"elementor-widget-container\">\n\t\t\t\t\t<div id=\"mega-menu-wrap-top-bar-menu\" class=\"mega-menu-wrap\"><div class=\"mega-menu-toggle\"><div class=\"mega-toggle-blocks-left\"><\/div><div class=\"mega-toggle-blocks-center\"><\/div><div class=\"mega-toggle-blocks-right\"><div class='mega-toggle-block mega-menu-toggle-animated-block mega-toggle-block-0' id='mega-toggle-block-0'><button aria-label=\"Toggle Menu\" class=\"mega-toggle-animated mega-toggle-animated-slider\" type=\"button\" aria-expanded=\"false\">\n                  <span class=\"mega-toggle-animated-box\">\n                    <span class=\"mega-toggle-animated-inner\"><\/span>\n                  <\/span>\n                <\/button><\/div><\/div><\/div><ul id=\"mega-menu-top-bar-menu\" class=\"mega-menu max-mega-menu mega-menu-horizontal mega-no-js\" data-event=\"hover_intent\" data-effect=\"fade_up\" data-effect-speed=\"200\" data-effect-mobile=\"disabled\" data-effect-speed-mobile=\"0\" data-mobile-force-width=\"false\" data-second-click=\"go\" data-document-click=\"collapse\" data-vertical-behaviour=\"standard\" data-breakpoint=\"768\" data-unbind=\"true\" data-mobile-state=\"collapse_all\" data-mobile-direction=\"vertical\" data-hover-intent-timeout=\"300\" data-hover-intent-interval=\"100\"><li class=\"mega-menu-item mega-menu-item-type-custom mega-menu-item-object-custom mega-align-bottom-left mega-menu-flyout mega-menu-item-847\" id=\"mega-menu-item-847\"><a class=\"mega-menu-link\" href=\"https:\/\/accefyn.com\/microsites\/capitulos\/caribe\/videos-eventos\/#oceanos\" tabindex=\"0\">Oceanos<\/a><\/li><li class=\"mega-menu-item mega-menu-item-type-custom mega-menu-item-object-custom mega-align-bottom-left mega-menu-flyout mega-menu-item-848\" id=\"mega-menu-item-848\"><a class=\"mega-menu-link\" href=\"https:\/\/accefyn.com\/microsites\/capitulos\/caribe\/videos-eventos\/#biodiversidad\" tabindex=\"0\">Biodiversidad<\/a><\/li><li class=\"mega-menu-item mega-menu-item-type-custom mega-menu-item-object-custom mega-align-bottom-left mega-menu-flyout mega-menu-item-846\" id=\"mega-menu-item-846\"><a class=\"mega-menu-link\" href=\"https:\/\/accefyn.com\/microsites\/capitulos\/caribe\/videos-eventos\/#cienagas\" tabindex=\"0\">Agua<\/a><\/li><\/ul><\/div>\t\t\t\t<\/div>\n\t\t\t\t<\/div>\n\t\t\t\t<div class=\"elementor-element elementor-element-df99cc6 elementor-widget elementor-widget-spacer\" data-id=\"df99cc6\" data-element_type=\"widget\" data-widget_type=\"spacer.default\">\n\t\t\t\t<div class=\"elementor-widget-container\">\n\t\t\t\t\t\t\t<div class=\"elementor-spacer\">\n\t\t\t<div class=\"elementor-spacer-inner\"><\/div>\n\t\t<\/div>\n\t\t\t\t\t\t<\/div>\n\t\t\t\t<\/div>\n\t\t\t\t\t<\/div>\n\t\t\t\t<\/div>\n\t\t<div class=\"elementor-element elementor-element-34cc935 e-flex e-con-boxed e-con e-parent\" data-id=\"34cc935\" data-element_type=\"container\" data-settings=\"{&quot;background_background&quot;:&quot;classic&quot;}\">\n\t\t\t\t\t<div class=\"e-con-inner\">\n\t\t\t\t<div class=\"elementor-element elementor-element-e1d59c1 elementor-widget elementor-widget-menu-anchor\" data-id=\"e1d59c1\" data-element_type=\"widget\" data-widget_type=\"menu-anchor.default\">\n\t\t\t\t<div class=\"elementor-widget-container\">\n\t\t\t\t\t\t\t<div class=\"elementor-menu-anchor\" id=\"oceanos\"><\/div>\n\t\t\t\t\t\t<\/div>\n\t\t\t\t<\/div>\n\t\t\t\t<div class=\"elementor-element elementor-element-1b17460 elementor-widget elementor-widget-spacer\" data-id=\"1b17460\" data-element_type=\"widget\" data-widget_type=\"spacer.default\">\n\t\t\t\t<div class=\"elementor-widget-container\">\n\t\t\t\t\t\t\t<div class=\"elementor-spacer\">\n\t\t\t<div class=\"elementor-spacer-inner\"><\/div>\n\t\t<\/div>\n\t\t\t\t\t\t<\/div>\n\t\t\t\t<\/div>\n\t\t\t\t<div class=\"elementor-element elementor-element-e0abbea elementor-view-default elementor-widget elementor-widget-icon\" data-id=\"e0abbea\" data-element_type=\"widget\" data-widget_type=\"icon.default\">\n\t\t\t\t<div class=\"elementor-widget-container\">\n\t\t\t\t\t\t\t<div class=\"elementor-icon-wrapper\">\n\t\t\t<div class=\"elementor-icon\">\n\t\t\t<i aria-hidden=\"true\" class=\"fas fa-video\"><\/i>\t\t\t<\/div>\n\t\t<\/div>\n\t\t\t\t\t\t<\/div>\n\t\t\t\t<\/div>\n\t\t\t\t<div class=\"elementor-element elementor-element-e544805 elementor-widget elementor-widget-heading\" data-id=\"e544805\" data-element_type=\"widget\" data-widget_type=\"heading.default\">\n\t\t\t\t<div class=\"elementor-widget-container\">\n\t\t\t\t\t<h6 class=\"elementor-heading-title elementor-size-default\">Oc\u00e9anos<\/h6>\t\t\t\t<\/div>\n\t\t\t\t<\/div>\n\t\t\t\t<div class=\"elementor-element elementor-element-bd24512 elementor-widget elementor-widget-shortcode\" data-id=\"bd24512\" data-element_type=\"widget\" data-widget_type=\"shortcode.default\">\n\t\t\t\t<div class=\"elementor-widget-container\">\n\t\t\t\t\t\t\t<div class=\"elementor-shortcode\"><style>.wp-show-posts-columns#wpsp-765 {margin-left: -2em; }.wp-show-posts-columns#wpsp-765 .wp-show-posts-inner {margin: 0 0 2em 2em; }<\/style><section id=\"wpsp-765\" class=\" wp-show-posts-columns wp-show-posts\" style=\"\"><article class=\" wp-show-posts-single post-553 post type-post status-publish format-standard has-post-thumbnail hentry category-oceanos wpsp-col-6\" itemtype=\"http:\/\/schema.org\/CreativeWork\" itemscope><div class=\"wp-show-posts-inner\" style=\"\">\t\t\t\t\t\t<header class=\"wp-show-posts-entry-header\">\n\t\t\t\t\t\t\t<h5 class=\"wp-show-posts-entry-title\" itemprop=\"headline\"><a href=\"https:\/\/accefyn.com\/microsites\/capitulos\/caribe\/charlas-del-evento-los-oceanos-desde-la-academia-colombiana-de-ciencias-exactas-fisicas-y-naturales\/\" rel=\"bookmark\">Charlas del evento: Los oc\u00e9anos desde la Academia Colombiana de Ciencias Exactas F\u00edsicas y Naturales<\/a><\/h5><div class=\"wp-show-posts-entry-meta wp-show-posts-entry-meta-below-title post-meta-inline\"><span class=\"wp-show-posts-posted-on wp-show-posts-meta\">\n\t\t\t\t\t<a href=\"https:\/\/accefyn.com\/microsites\/capitulos\/caribe\/charlas-del-evento-los-oceanos-desde-la-academia-colombiana-de-ciencias-exactas-fisicas-y-naturales\/\" title=\"10:45 pm\" rel=\"bookmark\"><time class=\"wp-show-posts-entry-date published\" datetime=\"2024-07-10T22:45:02+00:00\" itemprop=\"datePublished\">julio 10, 2024<\/time><time class=\"wp-show-posts-updated\" datetime=\"2025-06-21T01:40:02+00:00\" itemprop=\"dateModified\">junio 21, 2025<\/time><\/a>\n\t\t\t\t<\/span><\/div>\t\t\t\t\t\t<\/header><!-- .entry-header -->\n\t\t\t\t\t\t\t<div class=\"wp-show-posts-image  wpsp-image-center \">\n\t\t\t<a href=\"https:\/\/accefyn.com\/microsites\/capitulos\/caribe\/charlas-del-evento-los-oceanos-desde-la-academia-colombiana-de-ciencias-exactas-fisicas-y-naturales\/\"  title=\"Charlas del evento: Los oc\u00e9anos desde la Academia Colombiana de Ciencias Exactas F\u00edsicas y Naturales\"><img fetchpriority=\"high\" decoding=\"async\" width=\"1366\" height=\"768\" src=\"https:\/\/accefyn.com\/microsites\/capitulos\/caribe\/wp-content\/uploads\/2024\/07\/Portada-web-2.png\" class=\"attachment-full size-full wp-post-image\" alt=\"\" itemprop=\"image\" srcset=\"https:\/\/accefyn.com\/microsites\/capitulos\/caribe\/wp-content\/uploads\/2024\/07\/Portada-web-2.png 1366w, https:\/\/accefyn.com\/microsites\/capitulos\/caribe\/wp-content\/uploads\/2024\/07\/Portada-web-2-300x169.png 300w, https:\/\/accefyn.com\/microsites\/capitulos\/caribe\/wp-content\/uploads\/2024\/07\/Portada-web-2-1024x576.png 1024w, https:\/\/accefyn.com\/microsites\/capitulos\/caribe\/wp-content\/uploads\/2024\/07\/Portada-web-2-768x432.png 768w\" sizes=\"(max-width: 1366px) 100vw, 1366px\" \/><\/a>\t\t<\/div>\n\t\t\t\t\t\t\t\t<div class=\"wp-show-posts-entry-summary\" itemprop=\"text\">\n\t\t\t\t\t\t\t<p>En el marco de la celebraci\u00f3n del D\u00eda de los Oc\u00e9anos, la Academia Colombiana de Ciencias Exactas, F\u00edsicas y Naturales organiz\u00f3 una serie de charlas durante el mes de junio&#8230;<\/p>\n\t\t\t\t\t\t<\/div><!-- .entry-summary -->\n\t\t\t\t\t<div class=\"wpsp-read-more\"><a title=\"Charlas del evento: Los oc\u00e9anos desde la Academia Colombiana de Ciencias Exactas F\u00edsicas y Naturales\" class=\"wp-show-posts-read-more\" href=\"https:\/\/accefyn.com\/microsites\/capitulos\/caribe\/charlas-del-evento-los-oceanos-desde-la-academia-colombiana-de-ciencias-exactas-fisicas-y-naturales\/\">Leer m\u00e1s<\/a><\/div><\/div><!-- wp-show-posts-inner --><\/article><div class=\"wpsp-clear\"><\/div><\/section><!-- .wp-show-posts --><\/div>\n\t\t\t\t\t\t<\/div>\n\t\t\t\t<\/div>\n\t\t\t\t<div class=\"elementor-element elementor-element-6f00fba elementor-widget elementor-widget-menu-anchor\" data-id=\"6f00fba\" data-element_type=\"widget\" data-widget_type=\"menu-anchor.default\">\n\t\t\t\t<div class=\"elementor-widget-container\">\n\t\t\t\t\t\t\t<div class=\"elementor-menu-anchor\" id=\"biodiversidad\"><\/div>\n\t\t\t\t\t\t<\/div>\n\t\t\t\t<\/div>\n\t\t\t\t<div class=\"elementor-element elementor-element-5b784f6 elementor-widget-divider--view-line elementor-widget elementor-widget-divider\" data-id=\"5b784f6\" data-element_type=\"widget\" data-widget_type=\"divider.default\">\n\t\t\t\t<div class=\"elementor-widget-container\">\n\t\t\t\t\t\t\t<div class=\"elementor-divider\">\n\t\t\t<span class=\"elementor-divider-separator\">\n\t\t\t\t\t\t<\/span>\n\t\t<\/div>\n\t\t\t\t\t\t<\/div>\n\t\t\t\t<\/div>\n\t\t\t\t\t<\/div>\n\t\t\t\t<\/div>\n\t\t<div class=\"elementor-element elementor-element-09771af e-flex e-con-boxed e-con e-parent\" data-id=\"09771af\" data-element_type=\"container\" data-settings=\"{&quot;background_background&quot;:&quot;classic&quot;}\">\n\t\t\t\t\t<div class=\"e-con-inner\">\n\t\t\t\t<div class=\"elementor-element elementor-element-2f3f0e9 elementor-widget elementor-widget-spacer\" data-id=\"2f3f0e9\" data-element_type=\"widget\" data-widget_type=\"spacer.default\">\n\t\t\t\t<div class=\"elementor-widget-container\">\n\t\t\t\t\t\t\t<div class=\"elementor-spacer\">\n\t\t\t<div class=\"elementor-spacer-inner\"><\/div>\n\t\t<\/div>\n\t\t\t\t\t\t<\/div>\n\t\t\t\t<\/div>\n\t\t\t\t<div class=\"elementor-element elementor-element-2ba6e66 elementor-view-default elementor-widget elementor-widget-icon\" data-id=\"2ba6e66\" data-element_type=\"widget\" data-widget_type=\"icon.default\">\n\t\t\t\t<div class=\"elementor-widget-container\">\n\t\t\t\t\t\t\t<div class=\"elementor-icon-wrapper\">\n\t\t\t<div class=\"elementor-icon\">\n\t\t\t<i aria-hidden=\"true\" class=\"fas fa-video\"><\/i>\t\t\t<\/div>\n\t\t<\/div>\n\t\t\t\t\t\t<\/div>\n\t\t\t\t<\/div>\n\t\t\t\t<div class=\"elementor-element elementor-element-8ad193d elementor-widget elementor-widget-heading\" data-id=\"8ad193d\" data-element_type=\"widget\" data-widget_type=\"heading.default\">\n\t\t\t\t<div class=\"elementor-widget-container\">\n\t\t\t\t\t<h6 class=\"elementor-heading-title elementor-size-default\">Biodiversidad<\/h6>\t\t\t\t<\/div>\n\t\t\t\t<\/div>\n\t\t\t\t<div class=\"elementor-element elementor-element-d846391 elementor-widget elementor-widget-shortcode\" data-id=\"d846391\" data-element_type=\"widget\" data-widget_type=\"shortcode.default\">\n\t\t\t\t<div class=\"elementor-widget-container\">\n\t\t\t\t\t\t\t<div class=\"elementor-shortcode\"><style>.wp-show-posts-columns#wpsp-766 {margin-left: -2em; }.wp-show-posts-columns#wpsp-766 .wp-show-posts-inner {margin: 0 0 2em 2em; }<\/style><section id=\"wpsp-766\" class=\" wp-show-posts-columns wp-show-posts\" style=\"\"><article class=\" wp-show-posts-single post-798 post type-post status-publish format-standard has-post-thumbnail hentry category-biodiversidad wpsp-col-6\" itemtype=\"http:\/\/schema.org\/CreativeWork\" itemscope><div class=\"wp-show-posts-inner\" style=\"\">\t\t\t\t\t\t<header class=\"wp-show-posts-entry-header\">\n\t\t\t\t\t\t\t<h5 class=\"wp-show-posts-entry-title\" itemprop=\"headline\"><a href=\"https:\/\/accefyn.com\/microsites\/capitulos\/caribe\/biodiversidad-2\/\" rel=\"bookmark\">Biodiversidad 2<\/a><\/h5><div class=\"wp-show-posts-entry-meta wp-show-posts-entry-meta-below-title post-meta-inline\"><span class=\"wp-show-posts-posted-on wp-show-posts-meta\">\n\t\t\t\t\t<a href=\"https:\/\/accefyn.com\/microsites\/capitulos\/caribe\/biodiversidad-2\/\" title=\"4:44 pm\" rel=\"bookmark\"><time class=\"wp-show-posts-entry-date published\" datetime=\"2024-08-01T16:44:28+00:00\" itemprop=\"datePublished\">agosto 1, 2024<\/time><time class=\"wp-show-posts-updated\" datetime=\"2025-06-21T01:37:46+00:00\" itemprop=\"dateModified\">junio 21, 2025<\/time><\/a>\n\t\t\t\t<\/span><\/div>\t\t\t\t\t\t<\/header><!-- .entry-header -->\n\t\t\t\t\t\t\t<div class=\"wp-show-posts-image  wpsp-image-center \">\n\t\t\t<a href=\"https:\/\/accefyn.com\/microsites\/capitulos\/caribe\/biodiversidad-2\/\"  title=\"Biodiversidad 2\"><img decoding=\"async\" width=\"1366\" height=\"768\" src=\"https:\/\/accefyn.com\/microsites\/capitulos\/caribe\/wp-content\/uploads\/2024\/07\/Portada-web-1.png\" class=\"attachment-full size-full wp-post-image\" alt=\"\" itemprop=\"image\" srcset=\"https:\/\/accefyn.com\/microsites\/capitulos\/caribe\/wp-content\/uploads\/2024\/07\/Portada-web-1.png 1366w, https:\/\/accefyn.com\/microsites\/capitulos\/caribe\/wp-content\/uploads\/2024\/07\/Portada-web-1-300x169.png 300w, https:\/\/accefyn.com\/microsites\/capitulos\/caribe\/wp-content\/uploads\/2024\/07\/Portada-web-1-1024x576.png 1024w, https:\/\/accefyn.com\/microsites\/capitulos\/caribe\/wp-content\/uploads\/2024\/07\/Portada-web-1-768x432.png 768w\" sizes=\"(max-width: 1366px) 100vw, 1366px\" \/><\/a>\t\t<\/div>\n\t\t\t\t\t\t\t\t<div class=\"wp-show-posts-entry-summary\" itemprop=\"text\">\n\t\t\t\t\t\t\t<p>Sed ut perspiciatis unde omnis iste natus error sit voluptatem accusantium doloremque laudantium, totam rem aperiam, eaque ipsa quae ab illo inventore veritatis et quasi architecto beatae vitae dicta sunt&#8230;<\/p>\n\t\t\t\t\t\t<\/div><!-- .entry-summary -->\n\t\t\t\t\t<div class=\"wpsp-read-more\"><a title=\"Biodiversidad 2\" class=\"wp-show-posts-read-more\" href=\"https:\/\/accefyn.com\/microsites\/capitulos\/caribe\/biodiversidad-2\/\">Leer m\u00e1s<\/a><\/div><\/div><!-- wp-show-posts-inner --><\/article><div class=\"wpsp-clear\"><\/div><\/section><!-- .wp-show-posts --><\/div>\n\t\t\t\t\t\t<\/div>\n\t\t\t\t<\/div>\n\t\t\t\t\t<\/div>\n\t\t\t\t<\/div>\n\t\t<div class=\"elementor-element elementor-element-eac8131 e-flex e-con-boxed e-con e-parent\" data-id=\"eac8131\" data-element_type=\"container\">\n\t\t\t\t\t<div class=\"e-con-inner\">\n\t\t\t\t<div class=\"elementor-element elementor-element-1c8d5b8 elementor-widget elementor-widget-menu-anchor\" data-id=\"1c8d5b8\" data-element_type=\"widget\" data-widget_type=\"menu-anchor.default\">\n\t\t\t\t<div class=\"elementor-widget-container\">\n\t\t\t\t\t\t\t<div class=\"elementor-menu-anchor\" id=\"cienagas\"><\/div>\n\t\t\t\t\t\t<\/div>\n\t\t\t\t<\/div>\n\t\t\t\t<div class=\"elementor-element elementor-element-a1c2016 elementor-widget-divider--view-line elementor-widget elementor-widget-divider\" data-id=\"a1c2016\" data-element_type=\"widget\" data-widget_type=\"divider.default\">\n\t\t\t\t<div class=\"elementor-widget-container\">\n\t\t\t\t\t\t\t<div class=\"elementor-divider\">\n\t\t\t<span class=\"elementor-divider-separator\">\n\t\t\t\t\t\t<\/span>\n\t\t<\/div>\n\t\t\t\t\t\t<\/div>\n\t\t\t\t<\/div>\n\t\t\t\t<div class=\"elementor-element elementor-element-0effe5b elementor-view-default elementor-widget elementor-widget-icon\" data-id=\"0effe5b\" data-element_type=\"widget\" data-widget_type=\"icon.default\">\n\t\t\t\t<div class=\"elementor-widget-container\">\n\t\t\t\t\t\t\t<div class=\"elementor-icon-wrapper\">\n\t\t\t<div class=\"elementor-icon\">\n\t\t\t<i aria-hidden=\"true\" class=\"fas fa-video\"><\/i>\t\t\t<\/div>\n\t\t<\/div>\n\t\t\t\t\t\t<\/div>\n\t\t\t\t<\/div>\n\t\t\t\t<div class=\"elementor-element elementor-element-d36109a elementor-widget elementor-widget-heading\" data-id=\"d36109a\" data-element_type=\"widget\" data-widget_type=\"heading.default\">\n\t\t\t\t<div class=\"elementor-widget-container\">\n\t\t\t\t\t<h6 class=\"elementor-heading-title elementor-size-default\">Agua<\/h6>\t\t\t\t<\/div>\n\t\t\t\t<\/div>\n\t\t\t\t<div class=\"elementor-element elementor-element-bdd516c elementor-widget elementor-widget-shortcode\" data-id=\"bdd516c\" data-element_type=\"widget\" data-widget_type=\"shortcode.default\">\n\t\t\t\t<div class=\"elementor-widget-container\">\n\t\t\t\t\t\t\t<div class=\"elementor-shortcode\"><style>.wp-show-posts-columns#wpsp-767 {margin-left: -2em; }.wp-show-posts-columns#wpsp-767 .wp-show-posts-inner {margin: 0 0 2em 2em; }<\/style><section id=\"wpsp-767\" class=\" wp-show-posts-columns wp-show-posts\" style=\"\"><article class=\" wp-show-posts-single post-794 post type-post status-publish format-standard has-post-thumbnail hentry category-agua wpsp-col-6\" itemtype=\"http:\/\/schema.org\/CreativeWork\" itemscope><div class=\"wp-show-posts-inner\" style=\"\">\t\t\t\t\t\t<header class=\"wp-show-posts-entry-header\">\n\t\t\t\t\t\t\t<h5 class=\"wp-show-posts-entry-title\" itemprop=\"headline\"><a href=\"https:\/\/accefyn.com\/microsites\/capitulos\/caribe\/oceanos-2\/\" rel=\"bookmark\">Charlas del foro sobre la protecci\u00f3n del recurso h\u00eddrico y oce\u00e1nico en el Caribe colombiano<\/a><\/h5><div class=\"wp-show-posts-entry-meta wp-show-posts-entry-meta-below-title post-meta-inline\"><span class=\"wp-show-posts-posted-on wp-show-posts-meta\">\n\t\t\t\t\t<a href=\"https:\/\/accefyn.com\/microsites\/capitulos\/caribe\/oceanos-2\/\" title=\"4:39 pm\" rel=\"bookmark\"><time class=\"wp-show-posts-entry-date published\" datetime=\"2024-08-01T16:39:15+00:00\" itemprop=\"datePublished\">agosto 1, 2024<\/time><time class=\"wp-show-posts-updated\" datetime=\"2025-06-21T01:38:06+00:00\" itemprop=\"dateModified\">junio 21, 2025<\/time><\/a>\n\t\t\t\t<\/span><\/div>\t\t\t\t\t\t<\/header><!-- .entry-header -->\n\t\t\t\t\t\t\t<div class=\"wp-show-posts-image  wpsp-image-center \">\n\t\t\t<a href=\"https:\/\/accefyn.com\/microsites\/capitulos\/caribe\/oceanos-2\/\"  title=\"Charlas del foro sobre la protecci\u00f3n del recurso h\u00eddrico y oce\u00e1nico en el Caribe colombiano\"><img decoding=\"async\" width=\"1765\" height=\"843\" src=\"https:\/\/accefyn.com\/microsites\/capitulos\/caribe\/wp-content\/uploads\/2024\/08\/pl.png\" class=\"attachment-full size-full wp-post-image\" alt=\"\" itemprop=\"image\" srcset=\"https:\/\/accefyn.com\/microsites\/capitulos\/caribe\/wp-content\/uploads\/2024\/08\/pl.png 1765w, https:\/\/accefyn.com\/microsites\/capitulos\/caribe\/wp-content\/uploads\/2024\/08\/pl-300x143.png 300w, https:\/\/accefyn.com\/microsites\/capitulos\/caribe\/wp-content\/uploads\/2024\/08\/pl-1024x489.png 1024w, https:\/\/accefyn.com\/microsites\/capitulos\/caribe\/wp-content\/uploads\/2024\/08\/pl-768x367.png 768w, https:\/\/accefyn.com\/microsites\/capitulos\/caribe\/wp-content\/uploads\/2024\/08\/pl-1536x734.png 1536w\" sizes=\"(max-width: 1765px) 100vw, 1765px\" \/><\/a>\t\t<\/div>\n\t\t\t\t\t\t\t\t<div class=\"wp-show-posts-entry-summary\" itemprop=\"text\">\n\t\t\t\t\t\t\t<p>En este foro organizado por el Colegio M\u00e1ximo de las Academias de Colombia, en colaboraci\u00f3n con el Cap\u00edtulo Caribe de la Academia Colombiana de Ciencias Exactas, F\u00edsicas y Naturales y&#8230;<\/p>\n\t\t\t\t\t\t<\/div><!-- .entry-summary -->\n\t\t\t\t\t<div class=\"wpsp-read-more\"><a title=\"Charlas del foro sobre la protecci\u00f3n del recurso h\u00eddrico y oce\u00e1nico en el Caribe colombiano\" class=\"wp-show-posts-read-more\" href=\"https:\/\/accefyn.com\/microsites\/capitulos\/caribe\/oceanos-2\/\">Leer m\u00e1s<\/a><\/div><\/div><!-- wp-show-posts-inner --><\/article><div class=\"wpsp-clear\"><\/div><\/section><!-- .wp-show-posts --><\/div>\n\t\t\t\t\t\t<\/div>\n\t\t\t\t<\/div>\n\t\t\t\t\t<\/div>\n\t\t\t\t<\/div>\n\t\t\t\t<\/div>\n\t\t","protected":false},"excerpt":{"rendered":"<p>Videos Oc\u00e9anos Biodiversidad Agua<\/p>\n","protected":false},"author":7,"featured_media":584,"parent":0,"menu_order":0,"comment_status":"closed","ping_status":"closed","template":"elementor_canvas","meta":{"footnotes":""},"class_list":["post-549","page","type-page","status-publish","has-post-thumbnail","hentry"],"_links":{"self":[{"href":"https:\/\/accefyn.com\/microsites\/capitulos\/caribe\/wp-json\/wp\/v2\/pages\/549","targetHints":{"allow":["GET"]}}],"collection":[{"href":"https:\/\/accefyn.com\/microsites\/capitulos\/caribe\/wp-json\/wp\/v2\/pages"}],"about":[{"href":"https:\/\/accefyn.com\/microsites\/capitulos\/caribe\/wp-json\/wp\/v2\/types\/page"}],"author":[{"embeddable":true,"href":"https:\/\/accefyn.com\/microsites\/capitulos\/caribe\/wp-json\/wp\/v2\/users\/7"}],"replies":[{"embeddable":true,"href":"https:\/\/accefyn.com\/microsites\/capitulos\/caribe\/wp-json\/wp\/v2\/comments?post=549"}],"version-history":[{"count":105,"href":"https:\/\/accefyn.com\/microsites\/capitulos\/caribe\/wp-json\/wp\/v2\/pages\/549\/revisions"}],"predecessor-version":[{"id":922,"href":"https:\/\/accefyn.com\/microsites\/capitulos\/caribe\/wp-json\/wp\/v2\/pages\/549\/revisions\/922"}],"wp:featuredmedia":[{"embeddable":true,"href":"https:\/\/accefyn.com\/microsites\/capitulos\/caribe\/wp-json\/wp\/v2\/media\/584"}],"wp:attachment":[{"href":"https:\/\/accefyn.com\/microsites\/capitulos\/caribe\/wp-json\/wp\/v2\/media?parent=549"}],"curies":[{"name":"wp","href":"https:\/\/api.w.org\/{rel}","templated":true}]}}